{"id":1235,"date":"2024-11-10T07:54:07","date_gmt":"2024-11-10T07:54:07","guid":{"rendered":"https:\/\/mkalgerie.com\/?page_id=1235"},"modified":"2024-11-10T08:55:09","modified_gmt":"2024-11-10T08:55:09","slug":"assistance-technique-administrative","status":"publish","type":"page","link":"https:\/\/mkalgerie.com\/?page_id=1235","title":{"rendered":"Assistance Technique &amp; Administrative"},"content":{"rendered":"\n\n\n<h2>Assistance technique &#038; Administrative\n<\/h2>\n\n<p>L\u2019objectif de mettre \u00e0 la disposition \u00e0 nos clients de main-d\u2019\u0153uvre qualifier   pendant une dur\u00e9e d\u00e9termin\u00e9e au pr\u00e9alable, c\u2019est ce que l\u2019on appelle sous-traitance Personnels.. Le recours \u00e0 la sous-traitance permet de compenser des difficult\u00e9s de recrutement ou d\u2019\u00e9viter des situations de ch\u00f4mage partiel lorsque le client  subit une baisse d\u2019activit\u00e9.\t<br><\/p>\n\n\n\n\n\n\n\n\n\n<p>Lorem Ipsum has been the industry&rsquo;s standard dummy text ever since the 1500s.<\/p>\n\n\n<h6>ASSISTANCE ADMINISTRATIVE &#038; RH<\/h6>\n\n<p [object NamedNodeMap]><br>Notre \u00e9quipe compos\u00e9e d\u2019experts en paie, droit social et ressources humaines, assure la gestion compl\u00e8te de vos ressources humaines. Nous vous accompagnons tout au long de vos projets, en mettant \u00e0 profit l\u2019ensemble de nos comp\u00e9tences pour \u00e9tablir de v\u00e9ritables partenariats \u00e0 long terme. Nous offrons un service d\u2019accompagnement sur mesure, adapt\u00e9 aux sp\u00e9cificit\u00e9s de votre activit\u00e9, incluant l\u2019assistance technique, administrative, logistique et le portage salarial.\n.<\/p>\n\n\n<h6>Nos services<\/h6>\n\n\n\nExternaliser les d\u00e9marches pour l\u2019obtention de tout types de visa &#038; permis de travail\nGestion et calcule de la paie\nGestion des d\u00e9clarations p\u00e9riodiques &#038; conformit\u00e9\nGestion administrative des dossiers du personnel\nPr\u00e9paration des demandes administratives aupr\u00e8s des autorit\u00e9s locales et territoriales comp\u00e9tentes\nGestion et conformit\u00e9 en mati\u00e8re de s\u00e9curit\u00e9 sociale\nElaboration de contrat de travail aux besoin de l\u2019activit\u00e9\n\n\n\n\n\n<h6>Nos services<\/h6>\n\n\n\n\n\nProspection de comp\u00e9tences ad\u00e9quates selon le projet\/secteur d\u2019activit\u00e9\nRecrutement de main d\u2019\u0153uvre locale ou internationale\nExternalisation des ressources\nMise \u00e0 disposition de profils qualifi\u00e9s\nExpatriation de comp\u00e9tences\nAdministration de la ressource humaine\n\n\n\n\n\n\n<h6>ASSISTANCE TECHNIQUE<\/h6>\n<p [object NamedNodeMap]><br>Gr\u00e2ce \u00e0 notre vaste exp\u00e9rience et notre connaissance approfondie du march\u00e9 de l\u2019industrie p\u00e9troli\u00e8re, nous avons d\u00e9velopp\u00e9 des processus de validation conformes aux normes d\u2019\u00e9valuation, afin de s\u00e9lectionner les candidats les mieux adapt\u00e9s aux projets les plus complexes et exigeants. Nous intervenons dans tous les domaines de l\u2019exploitation et de la maintenance des secteurs p\u00e9trolier, industriel et de l\u2019ing\u00e9nierie. Nos \u00e9quipe d\u2019experts et notre exp\u00e9rience nous permettent de mobiliser rapidement les ressources adapt\u00e9s pour vos projets. Nous vous accompagnons dans le recrutement de votre personnel technique, de vos experts m\u00e9tiers ou de vos fonctions supports.\n<\/p>\n\n\n\n\n\n\n\n<p>Lorem Ipsum has been the industry&rsquo;s standard dummy text ever since the 1500s.<\/p>\n\n\n","protected":false},"excerpt":{"rendered":"","protected":false},"author":1,"featured_media":0,"parent":0,"menu_order":0,"comment_status":"closed","ping_status":"closed","template":"","meta":{"pagelayer_contact_templates":[],"_pagelayer_content":"","footnotes":""},"class_list":["post-1235","page","type-page","status-publish","hentry"],"_links":{"self":[{"href":"https:\/\/mkalgerie.com\/index.php?rest_route=\/wp\/v2\/pages\/1235","targetHints":{"allow":["GET"]}}],"collection":[{"href":"https:\/\/mkalgerie.com\/index.php?rest_route=\/wp\/v2\/pages"}],"about":[{"href":"https:\/\/mkalgerie.com\/index.php?rest_route=\/wp\/v2\/types\/page"}],"author":[{"embeddable":true,"href":"https:\/\/mkalgerie.com\/index.php?rest_route=\/wp\/v2\/users\/1"}],"replies":[{"embeddable":true,"href":"https:\/\/mkalgerie.com\/index.php?rest_route=%2Fwp%2Fv2%2Fcomments&post=1235"}],"version-history":[{"count":25,"href":"https:\/\/mkalgerie.com\/index.php?rest_route=\/wp\/v2\/pages\/1235\/revisions"}],"predecessor-version":[{"id":1288,"href":"https:\/\/mkalgerie.com\/index.php?rest_route=\/wp\/v2\/pages\/1235\/revisions\/1288"}],"wp:attachment":[{"href":"https:\/\/mkalgerie.com\/index.php?rest_route=%2Fwp%2Fv2%2Fmedia&parent=1235"}],"curies":[{"name":"wp","href":"https:\/\/api.w.org\/{rel}","templated":true}]}}