{"id":1239,"date":"2024-11-10T07:56:00","date_gmt":"2024-11-10T07:56:00","guid":{"rendered":"https:\/\/mkalgerie.com\/?page_id=1239"},"modified":"2024-11-10T11:05:02","modified_gmt":"2024-11-10T11:05:02","slug":"services-de-location","status":"publish","type":"page","link":"https:\/\/mkalgerie.com\/?page_id=1239","title":{"rendered":"Services de Location"},"content":{"rendered":"\n\n\n<h2>Services de Location<\/h2>\n\n<p>Parce que nous savons \u00e0 quel point un mat\u00e9riel de qualit\u00e9 est essentiel au bon d\u00e9roulement d&rsquo;un forage, nous mettons \u00e0 disposition de nos clients les meilleurs \u00e9quipements du march\u00e9. Nous inspectons nos outils apr\u00e8s chaque retour de chantier et assurons une maintenance perp\u00e9tuelle afin de r\u00e9pondre aux crit\u00e8res les plus exigeants de l&rsquo;industrie. Nos clients sont des acteurs incontournables du domaine p\u00e9trolier et leur confiance est pour nous notre plus grand gage de qualit\u00e9.\nAinsi, n&rsquo;h\u00e9sitez pas \u00e0 nous contacter pour toute demande et nous nous ferons un plaisir de partager avec vous notre savoir-faire ainsi que nos meilleures r\u00e9f\u00e9rences\n.<br><\/p>\n\n\n\n\n<p>Lorem Ipsum has been the industry&rsquo;s standard dummy text ever since the 1500s.<\/p>\n\n\n<h6>Location V\u00e9hicules \n<\/h6>\n<p [object NamedNodeMap]><br>Nous mettons \u00e0 votre disposition en location des v\u00e9hicules de tous types (touristique, utilitaires, SUV, tous terrains\u2026etc.) pour des longues et moyennes dur\u00e9es (LLD et LMD), avec un kilom\u00e9trage illimit\u00e9, avec prise en charge de la maintenance pr\u00e9ventive et curative.\n<\/p>\n<p [object NamedNodeMap]><br>Tous nos v\u00e9hicules sont assur\u00e9s en tous risques et nous vous garantissons un remplacement de votre v\u00e9hicule sous 48 h en cas de sinistres ou de pannes.\n\n<\/p>\n\n\n\n\n\n\n\n<p [object NamedNodeMap]><br>Nous vous proposons des offres flexibles, qui donnent la possibilit\u00e9 de personnaliser votre demande avec des exigences particuli\u00e8res, telles que la mise \u00e0 disposition chauffeurs et biens d\u2019autres.\n\n\n<\/p>\n\n\n\n\n\n<h6>Location Engins Et Mat\u00e9riel De Construction Et Travaux Publics\n<\/h6>\n<p [object NamedNodeMap]><br>R\u00e9aliser une construction n\u00e9cessite certes des comp\u00e9tences pointues dans le domaine, mais \u00e9galement des \u00e9quipements ad\u00e9quats. Nous vous proposons notre service de location d\u2019engins de chantier en tant que connaisseurs de mat\u00e9riel de travaux publics. Nous disposons d\u2019une diversit\u00e9 d\u2019appareils tous performants et entretenus avec soin, pour vous aider dans la r\u00e9alisation de vos travaux. Qu\u2019il s\u2019agisse de mat\u00e9riel de terrassement, de compactage, d\u2019\u00e9l\u00e9vation, de b\u00e2timent ou autres, nous sommes en mesure de vous conseiller par rapport aux \u00e9quipements que vous recherchez\n<\/p>\n\n\n<p>Lorem Ipsum has been the industry&rsquo;s standard dummy text ever since the 1500s.<\/p>\n\n\n\n\n\n<p>Lorem Ipsum has been the industry&rsquo;s standard dummy text ever since the 1500s.<\/p>\n\n\n<h6>location cabine saharienne<\/h6>\n<p [object NamedNodeMap]><br> Avec nos services, vous avez la possibilit\u00e9 de louer votre cabane de chantier. En effet, certains de nos modules pr\u00e9fabriqu\u00e9s fonctionnels sont disponibles \u00e0 la location. Cette possibilit\u00e9 vous permettra plus de flexibilit\u00e9 en termes de budget. Le raccordement sera facile et vous pourrez profiter d\u2019un lieu modulable am\u00e9nag\u00e9 selon vos envies (isol\u00e9, avec un rev\u00eatement de sol esth\u00e9tique, une armoire, des \u00e9quipements adapt\u00e9s \u00e0 l\u2019activit\u00e9 pratiqu\u00e9e, et un ensemble d\u2019autres possibilit\u00e9s sur demande). Votre monobloc en location et vente sera aussi l\u2019occasion d\u2019installer un bureau modulaire avec un assemblage rapide ce qui permettra de respecter vos d\u00e9lais. Vous pourrez ainsi profiter d\u2019un lieu fonctionnel, superposable et des am\u00e9nagements souhait\u00e9s. La conception modulaire en location peut se trouver dans toutes tailles, accompagn\u00e9e ou non d\u2019un bloc sanitaire, d\u2019une kitchenette ou autre pour permettre aux professionnels du b\u00e2timent et des travaux de profiter d\u2019\u00e9l\u00e9ments modulaires confortables..<br><br>.<\/p>\n\n\n","protected":false},"excerpt":{"rendered":"","protected":false},"author":1,"featured_media":0,"parent":0,"menu_order":0,"comment_status":"closed","ping_status":"closed","template":"","meta":{"pagelayer_contact_templates":[],"_pagelayer_content":"","footnotes":""},"class_list":["post-1239","page","type-page","status-publish","hentry"],"_links":{"self":[{"href":"https:\/\/mkalgerie.com\/index.php?rest_route=\/wp\/v2\/pages\/1239","targetHints":{"allow":["GET"]}}],"collection":[{"href":"https:\/\/mkalgerie.com\/index.php?rest_route=\/wp\/v2\/pages"}],"about":[{"href":"https:\/\/mkalgerie.com\/index.php?rest_route=\/wp\/v2\/types\/page"}],"author":[{"embeddable":true,"href":"https:\/\/mkalgerie.com\/index.php?rest_route=\/wp\/v2\/users\/1"}],"replies":[{"embeddable":true,"href":"https:\/\/mkalgerie.com\/index.php?rest_route=%2Fwp%2Fv2%2Fcomments&post=1239"}],"version-history":[{"count":13,"href":"https:\/\/mkalgerie.com\/index.php?rest_route=\/wp\/v2\/pages\/1239\/revisions"}],"predecessor-version":[{"id":1301,"href":"https:\/\/mkalgerie.com\/index.php?rest_route=\/wp\/v2\/pages\/1239\/revisions\/1301"}],"wp:attachment":[{"href":"https:\/\/mkalgerie.com\/index.php?rest_route=%2Fwp%2Fv2%2Fmedia&parent=1239"}],"curies":[{"name":"wp","href":"https:\/\/api.w.org\/{rel}","templated":true}]}}