{"id":1243,"date":"2024-11-10T07:56:52","date_gmt":"2024-11-10T07:56:52","guid":{"rendered":"https:\/\/mkalgerie.com\/?page_id=1243"},"modified":"2024-11-10T14:30:18","modified_gmt":"2024-11-10T14:30:18","slug":"amenagement-des-espaces-verts","status":"publish","type":"page","link":"https:\/\/mkalgerie.com\/?page_id=1243","title":{"rendered":"Am\u00e9nagement Des Espaces Verts"},"content":{"rendered":"\n\n\n<h2>Am\u00e9nagement Des Espaces Verts<\/h2>\n\n\n\n\n\n<p>Lorem Ipsum has been the industry&rsquo;s standard dummy text ever since the 1500s.<\/p>\n\n\n<h6>Concevoir un plan d\u2019am\u00e9nagement :\n<\/h6>\n<p [object NamedNodeMap]><br>Notre \u00e9quipe professionnelle de l\u2019am\u00e9nagement paysager vous accompagne lors de la conception et de la r\u00e9alisation de votre espace ext\u00e9rieur. Le concepteur paysagiste est \u00e0 votre \u00e9coute pour imaginer votre projet sur mesure et d\u00e9finir vos attentes. Apr\u00e8s un diagnostic effectu\u00e9 sur le terrain, le paysagiste \u00e9tablit un \u00e9tat des lieux de l\u2019espace concern\u00e9, o\u00f9 il recommande les mat\u00e9riaux, les contenants et les diff\u00e9rentes fournitures ad\u00e9quates et parfaitement adapt\u00e9es \u00e0 la nature de votre espace.\n<\/p>\n\n1re \u00e9tape : Conseiller le client et concevoir un projet d\u2019am\u00e9nagement paysager qui r\u00e9pond \u00e0 sa demande\n2e \u00e9tape : Esquisses du projet et conception de plans d\u2019am\u00e9nagement\n3e \u00e9tape : \u00c9tablir des devis quantitatifs et estimatifs.\n\n\n\n\n\n<h6>Fourniture  &#038; d\u00e9coration:\n<\/h6>\n\nFourniture de diff\u00e9rents types de terres et de substrats, de gravier, de galets, de pierres et de roches, etc\nFourniture d\u2019\u00e9quipements d\u00e9coratifs pour jardins et aires de jeux.\nFourniture de gazon en plaques et en semis.\n\n\n\n<p>Lorem Ipsum has been the industry&rsquo;s standard dummy text ever since the 1500s.<\/p>\n\n\n\n\n\n\n\n\n<p>Lorem Ipsum has been the industry&rsquo;s standard dummy text ever since the 1500s.<\/p>\n\n\n<h6>Plantation <\/h6>\n<p><br>Gr\u00e2ce \u00e0 notre exp\u00e9rience av\u00e9r\u00e9e, nous vous proposons des v\u00e9g\u00e9taux adapt\u00e9s \u00e0 l\u2019environnement de votre espace paysager. Nous nous chargeons de :\n<\/p>\n\nNettoyage des espaces verts (d\u00e9chets v\u00e9g\u00e9taux) au niveau des cit\u00e9s r\u00e9sidentielles et administratives\nPr\u00e9paration du sol\nPlantation ou semis (tout type de v\u00e9g\u00e9tation)\nConfection de pots\nOuverture des pot\u00e9es et mise en place de v\u00e9g\u00e9taux\nSuivi et entretien\nTraitement phytosanitaire (pr\u00e9ventif\/curatif)\nTransplantation par extraction et transport pr\u00e9cautionneux du v\u00e9g\u00e9tal et maintien de l\u2019arbre\n\n\n\n","protected":false},"excerpt":{"rendered":"","protected":false},"author":1,"featured_media":0,"parent":0,"menu_order":0,"comment_status":"closed","ping_status":"closed","template":"","meta":{"pagelayer_contact_templates":[],"_pagelayer_content":"","footnotes":""},"class_list":["post-1243","page","type-page","status-publish","hentry"],"_links":{"self":[{"href":"https:\/\/mkalgerie.com\/index.php?rest_route=\/wp\/v2\/pages\/1243","targetHints":{"allow":["GET"]}}],"collection":[{"href":"https:\/\/mkalgerie.com\/index.php?rest_route=\/wp\/v2\/pages"}],"about":[{"href":"https:\/\/mkalgerie.com\/index.php?rest_route=\/wp\/v2\/types\/page"}],"author":[{"embeddable":true,"href":"https:\/\/mkalgerie.com\/index.php?rest_route=\/wp\/v2\/users\/1"}],"replies":[{"embeddable":true,"href":"https:\/\/mkalgerie.com\/index.php?rest_route=%2Fwp%2Fv2%2Fcomments&post=1243"}],"version-history":[{"count":19,"href":"https:\/\/mkalgerie.com\/index.php?rest_route=\/wp\/v2\/pages\/1243\/revisions"}],"predecessor-version":[{"id":1351,"href":"https:\/\/mkalgerie.com\/index.php?rest_route=\/wp\/v2\/pages\/1243\/revisions\/1351"}],"wp:attachment":[{"href":"https:\/\/mkalgerie.com\/index.php?rest_route=%2Fwp%2Fv2%2Fmedia&parent=1243"}],"curies":[{"name":"wp","href":"https:\/\/api.w.org\/{rel}","templated":true}]}}