{"id":1247,"date":"2024-11-10T07:58:24","date_gmt":"2024-11-10T07:58:24","guid":{"rendered":"https:\/\/mkalgerie.com\/?page_id=1247"},"modified":"2024-11-10T14:12:07","modified_gmt":"2024-11-10T14:12:07","slug":"services-de-nettoyage","status":"publish","type":"page","link":"https:\/\/mkalgerie.com\/?page_id=1247","title":{"rendered":"Services de Nettoyage"},"content":{"rendered":"\n\n\n<h2>Services de nettoyage<\/h2>\n\n\n\n\n\n<p>Lorem Ipsum has been the industry&rsquo;s standard dummy text ever since the 1500s.<\/p>\n\n\n<h6>Service De Femmes De M\u00e9nage\n<\/h6>\n<p [object NamedNodeMap]><br>Des aides m\u00e9nag\u00e8res qualifi\u00e9s pour l\u2019entretient quotidien offrons des services de haute gammes : \n<\/p>\n\nRangement\nPliage\nRepassage\nD\u00e9poussi\u00e9rage\nnettoyage de vitres\nPassages \u00e0 la demande pour des grands nettoyages et Passages r\u00e9gulier d\u2019une \u00e0 deux fois par semaines\n\n<p [object=\"\" namednodemap]=\"\"><br>Sous contrat mensuel renouvelables Nous vous garantissant la confiance de nos aides m\u00e9nag\u00e8res et le secret professionnel\n\n<\/p>\n\n\n\n\n<h6>Nettoyage Administrative\n<\/h6>\n<p [object NamedNodeMap]><br>Un nettoyage et un entretien r\u00e9gulier de vos locaux et bureaux nos professionnels contribuent \u00e0 assainir votre lieu de travail et \u00e0 vous apporter confort, sant\u00e9 et qualit\u00e9 de vie. \n.<\/p>\n<p [object NamedNodeMap]><br>Nous assurons le respect des r\u00e9glementations associ\u00e9es \u00e0 vos locaux et les r\u00e8gles de s\u00e9curit\u00e9, avec un objectif unique de satisfaire vos exigences d\u2019hygi\u00e8ne et d\u2019entretien. Nos \u00e9quipes proc\u00e8dent \u00e0 des interventions r\u00e9guli\u00e8res de nettoyage et d\u2019entretien Nos plannings flexibles et adapt\u00e9s au milieu industriel et professionnel vous permettent d\u2019accorder vos horaires de travail aux horaires de nettoyage. Sans risque de perturbation, notre personnel qualifi\u00e9 et responsable s\u2019adapte \u00e0 vos conditions.\n.<\/p>\n\n\n<p>Lorem Ipsum has been the industry&rsquo;s standard dummy text ever since the 1500s.<\/p>\n\n\n\n\n\n<p>Lorem Ipsum has been the industry&rsquo;s standard dummy text ever since the 1500s.<\/p>\n\n\n\n<h6>Nettoyage Industriel\n<\/h6>\n<p [object NamedNodeMap]><br>Nettoyage des faisceaux par forage hydraulique et m\u00e9canique avec des pompes Haute Pression de 100 \u00e0 1000 Bars.\n<\/p>\n<p [object NamedNodeMap]><br>Diagnostique avec un rapport d\u00e9taill\u00e9.\nProximit\u00e9, r\u00e9activit\u00e9, personnel encadr\u00e9 et form\u00e9.\n\n<\/p>\n<p [object NamedNodeMap]><br>Nous mettons en avance l\u2019aspect humain et privil\u00e9gie la formation professionnelle de mani\u00e8re r\u00e9guli\u00e8re, la s\u00e9curit\u00e9 au travail de l\u2019ensemble de notre personnel. \n\n\n<\/p>\n\n\n\n\n<h6>Enl\u00e8vement Et Traitement Des D\u00e9chets\n<\/h6>\n<p>Nous vous proposons aussi des solutions de gestion des d\u00e9chets sp\u00e9ciaux \u00e0 travers plusieurs types de prestation\n<br><\/p>\n\nGestion des d\u00e9chets industriels In-situ ou gestion d\u00e9l\u00e9gu\u00e9e\nPr\u00e9paration et conditionnement des d\u00e9chets industriels et d\u00e9chets sp\u00e9ciaux\nCollecte, logistique et transport des d\u00e9chets sp\u00e9ciaux et dangereux \u00e0 travers tout le territoire national\nD\u00e9contamination de sites Elimination et traitement des d\u00e9chets\nTraitement thermique. D\u00e9sinfection. Neutralisation.\nTraitement m\u00e9canique\nExportation et transfert transfrontalier\n\n\n\n\n\n\n<p>Lorem Ipsum has been the industry&rsquo;s standard dummy text ever since the 1500s.<\/p>\n\n\n","protected":false},"excerpt":{"rendered":"","protected":false},"author":1,"featured_media":0,"parent":0,"menu_order":0,"comment_status":"closed","ping_status":"closed","template":"","meta":{"pagelayer_contact_templates":[],"_pagelayer_content":"","footnotes":""},"class_list":["post-1247","page","type-page","status-publish","hentry"],"_links":{"self":[{"href":"https:\/\/mkalgerie.com\/index.php?rest_route=\/wp\/v2\/pages\/1247","targetHints":{"allow":["GET"]}}],"collection":[{"href":"https:\/\/mkalgerie.com\/index.php?rest_route=\/wp\/v2\/pages"}],"about":[{"href":"https:\/\/mkalgerie.com\/index.php?rest_route=\/wp\/v2\/types\/page"}],"author":[{"embeddable":true,"href":"https:\/\/mkalgerie.com\/index.php?rest_route=\/wp\/v2\/users\/1"}],"replies":[{"embeddable":true,"href":"https:\/\/mkalgerie.com\/index.php?rest_route=%2Fwp%2Fv2%2Fcomments&post=1247"}],"version-history":[{"count":15,"href":"https:\/\/mkalgerie.com\/index.php?rest_route=\/wp\/v2\/pages\/1247\/revisions"}],"predecessor-version":[{"id":1333,"href":"https:\/\/mkalgerie.com\/index.php?rest_route=\/wp\/v2\/pages\/1247\/revisions\/1333"}],"wp:attachment":[{"href":"https:\/\/mkalgerie.com\/index.php?rest_route=%2Fwp%2Fv2%2Fmedia&parent=1247"}],"curies":[{"name":"wp","href":"https:\/\/api.w.org\/{rel}","templated":true}]}}