{"id":1251,"date":"2024-11-10T07:59:26","date_gmt":"2024-11-10T07:59:26","guid":{"rendered":"https:\/\/mkalgerie.com\/?page_id=1251"},"modified":"2024-11-10T13:52:27","modified_gmt":"2024-11-10T13:52:27","slug":"transport-logistique","status":"publish","type":"page","link":"https:\/\/mkalgerie.com\/?page_id=1251","title":{"rendered":"Transport &amp; logistique"},"content":{"rendered":"\n\n\n<h2>Transport &#038; logistique\n<\/h2>\n\n<p>MK ALGERIE propose \u00e0 ses clients une gamme compl\u00e8te de services logistiques. Ils vous permettront d\u2019assurer le bon fonctionnement de vos op\u00e9rations et le respect du syst\u00e8me logistique mis en place.\nNotre diff\u00e9rence r\u00e9side dans notre volont\u00e9 \u00e0 proposer une gamme de services standard et de les adapter aux besoins sp\u00e9cifiques de nos clients. Toutes nos proc\u00e9dures sont ajustables aux particularit\u00e9s de votre secteur d\u2019activit\u00e9. Nous sommes \u00e9galement dans une d\u00e9marche de communication continue en vue d\u2019apporter une visibilit\u00e9 globale de votre cha\u00eene logistique.<br><\/p>\n\n\n\n\n<p>Lorem Ipsum has been the industry&rsquo;s standard dummy text ever since the 1500s.<\/p>\n\n\n<h6>Transport marchandises et autres\n<\/h6>\n\n\nEtude et montage de pont roulant\n\n\nEtude et montage des structures m\u00e9talliques et Charpentes\n\n\nMontage et Installation compl\u00e8te des \u00e9quipements m\u00e9caniques\n\n\nMaintenance des \u00e9quipements m\u00e9caniques\n\n\n\n\n\n\n<h6>Logistique<\/h6>\n<p [object NamedNodeMap]><br>Nous d\u00e9veloppons des activit\u00e9s logistiques vers l\u2019extr\u00eame sud Alg\u00e9rien et contribue au d\u00e9senclavement des r\u00e9gions o\u00f9 sont implant\u00e9s nos partenaires parmi les grandes compagnies p\u00e9troli\u00e8res dans le monde.\n.<\/p>\n<p [object NamedNodeMap]><br>La  chaine  logistique  contr\u00f4le  et  assure  le  mouvement  des  flottes, l\u2019approvisionnement, la gestion des stocks, la distribution au moyen d\u2019un r\u00e9seau informatis\u00e9 et d\u2019engins roulants \u00e0 gros tonnages. La flotte logistique compos\u00e9e d\u2019engins lourds, transporte tous types de chantiers.\n<\/p>\n\n\n<p>Lorem Ipsum has been the industry&rsquo;s standard dummy text ever since the 1500s.<\/p>\n\n\n\n\n\n\n<p>Lorem Ipsum has been the industry&rsquo;s standard dummy text ever since the 1500s.<\/p>\n\n\n<h6>Levage et manutention\n<\/h6>\n<p [object NamedNodeMap]><br>Notre parc d\u2019engins de levage et de manutention est compos\u00e9 de diff\u00e9rents types de grues, de plusieurs chariots \u00e9l\u00e9vateurs industriels et t\u00e9lescopiques ainsi de Nacelles, qui sont mis \u00e0 votre disposition avec op\u00e9rateur afin de mieux r\u00e9pondre \u00e0 vos besoins temporaires.\n<\/p>\n<p [object NamedNodeMap]><br>Nos op\u00e9rateurs et nos \u00e9quipes techniques, par leurs professionnalismes, leurs sens de responsabilit\u00e9 et leurs dynamismes, sont les garants du bon d\u00e9roulement de la prestation de levage ou de manutention en toute s\u00e9curit\u00e9 et veillent au respect des normes d\u2019hygi\u00e8ne et de s\u00e9curit\u00e9.\n\n<\/p>\n\n\n","protected":false},"excerpt":{"rendered":"","protected":false},"author":1,"featured_media":0,"parent":0,"menu_order":0,"comment_status":"closed","ping_status":"closed","template":"","meta":{"pagelayer_contact_templates":[],"_pagelayer_content":"","footnotes":""},"class_list":["post-1251","page","type-page","status-publish","hentry"],"_links":{"self":[{"href":"https:\/\/mkalgerie.com\/index.php?rest_route=\/wp\/v2\/pages\/1251","targetHints":{"allow":["GET"]}}],"collection":[{"href":"https:\/\/mkalgerie.com\/index.php?rest_route=\/wp\/v2\/pages"}],"about":[{"href":"https:\/\/mkalgerie.com\/index.php?rest_route=\/wp\/v2\/types\/page"}],"author":[{"embeddable":true,"href":"https:\/\/mkalgerie.com\/index.php?rest_route=\/wp\/v2\/users\/1"}],"replies":[{"embeddable":true,"href":"https:\/\/mkalgerie.com\/index.php?rest_route=%2Fwp%2Fv2%2Fcomments&post=1251"}],"version-history":[{"count":16,"href":"https:\/\/mkalgerie.com\/index.php?rest_route=\/wp\/v2\/pages\/1251\/revisions"}],"predecessor-version":[{"id":1320,"href":"https:\/\/mkalgerie.com\/index.php?rest_route=\/wp\/v2\/pages\/1251\/revisions\/1320"}],"wp:attachment":[{"href":"https:\/\/mkalgerie.com\/index.php?rest_route=%2Fwp%2Fv2%2Fmedia&parent=1251"}],"curies":[{"name":"wp","href":"https:\/\/api.w.org\/{rel}","templated":true}]}}