{"id":837,"date":"2024-11-09T17:57:15","date_gmt":"2024-11-09T17:57:15","guid":{"rendered":"https:\/\/mkalgerie.com\/?page_id=837"},"modified":"2025-12-27T19:07:55","modified_gmt":"2025-12-27T19:07:55","slug":"home","status":"publish","type":"page","link":"https:\/\/mkalgerie.com\/","title":{"rendered":"Home"},"content":{"rendered":"\n\n\n\n<h2>NOS SERVICES<\/h2>\n\n\n\n<h6>Services p\u00e9troliers<br><\/h6>\n\n\n\n\n\n\n\n\n\n\n\n\n\n\n\n\n\n\n\n\n\n<h6>Assistance technique &amp; Administrative<br><\/h6>\n\n\n\n\n\n\n\n\n\n\n\n\n\n\n\n\n\n<h6>Services de location \n<br><\/h6>\n\n\n\n\n\n\n\n\n\n\n\n\n\n\n\n\n\n<h6>Transport &amp; logistique \n<br><\/h6>\n\n\n\n\n\n\n\n\n\n\n\n\n\n\n\n\n\n<h6>Services de nettoyage\n<br><\/h6>\n\n\n\n\n\n\n\n\n\n\n\n\n\n\n\n\n\n\n\n\n<h6>Am\u00e9nagement Des Espaces Verts\n<br><\/h6>\n\n\n\n\n\n\n\n\n\n\n\n\n\n\n<h2>POURQUOI NOUS CHOISIR<\/h2>\n\n<p>Ne cherchez plus, nous avons une disponibilit\u00e9 imm\u00e9diate au sud d\u2019ALGERIE pour vos op\u00e9rations. Notre \u00e9quipes locale g\u00e9rera la logistique des \u00e9quipements jusqu\u2019\u00e0 l\u2019acheminement sur votre site, ainsi que les op\u00e9rations de maintenance afin de garantir la qualit\u00e9 des \u00e9quipements \u00e0 tout moment.<\/p>\n\n\n\n\n\n\n\n\n\n\n\n\n\n\n\n\n\n","protected":false},"excerpt":{"rendered":"","protected":false},"author":1,"featured_media":0,"parent":0,"menu_order":0,"comment_status":"closed","ping_status":"closed","template":"","meta":{"pagelayer_contact_templates":[],"_pagelayer_content":"","footnotes":""},"class_list":["post-837","page","type-page","status-publish","hentry"],"_links":{"self":[{"href":"https:\/\/mkalgerie.com\/index.php?rest_route=\/wp\/v2\/pages\/837","targetHints":{"allow":["GET"]}}],"collection":[{"href":"https:\/\/mkalgerie.com\/index.php?rest_route=\/wp\/v2\/pages"}],"about":[{"href":"https:\/\/mkalgerie.com\/index.php?rest_route=\/wp\/v2\/types\/page"}],"author":[{"embeddable":true,"href":"https:\/\/mkalgerie.com\/index.php?rest_route=\/wp\/v2\/users\/1"}],"replies":[{"embeddable":true,"href":"https:\/\/mkalgerie.com\/index.php?rest_route=%2Fwp%2Fv2%2Fcomments&post=837"}],"version-history":[{"count":110,"href":"https:\/\/mkalgerie.com\/index.php?rest_route=\/wp\/v2\/pages\/837\/revisions"}],"predecessor-version":[{"id":1487,"href":"https:\/\/mkalgerie.com\/index.php?rest_route=\/wp\/v2\/pages\/837\/revisions\/1487"}],"wp:attachment":[{"href":"https:\/\/mkalgerie.com\/index.php?rest_route=%2Fwp%2Fv2%2Fmedia&parent=837"}],"curies":[{"name":"wp","href":"https:\/\/api.w.org\/{rel}","templated":true}]}}