{"id":978,"date":"2024-11-09T17:57:15","date_gmt":"2024-11-09T17:57:15","guid":{"rendered":"https:\/\/mkalgerie.com\/about\/"},"modified":"2024-11-26T16:08:26","modified_gmt":"2024-11-26T16:08:26","slug":"about","status":"publish","type":"page","link":"https:\/\/mkalgerie.com\/?page_id=978","title":{"rendered":"About"},"content":{"rendered":"\n\n\n<h2>POURQUOI NOUS CHOISIR<\/h2>\n\n<p>Ne cherchez plus, nous avons une disponibilit\u00e9 imm\u00e9diate \u00e0 Hassi Messaoud pour vos op\u00e9rations. Notre \u00e9quipes locale g\u00e9rera la logistique des \u00e9quipements jusqu\u2019\u00e0 l\u2019acheminement sur votre site, ainsi que les op\u00e9rations de maintenance afin de garantir la qualit\u00e9 des \u00e9quipements \u00e0 tout moment.<\/p>\n\n\n\n\n\n\n\n\n\n<h6>Staff dirigeant comp\u00e9tent et exp\u00e9riment\u00e9, un personnel d\u2019ex\u00e9cution de longues exp\u00e9riences\n\n<\/h6>\n\n\n<h6>Service personnalisable selon les besoin de nos clients nationaux et internationaux\n\n<\/h6>\n\n\n\n\n<h6>Une soci\u00e9t\u00e9 de services p\u00e9troliers 100% Alg\u00e9rienne\n<\/h6>\n\n\n<h6>Sp\u00e9cialiste dans le secteur p\u00e9trolier et gazier et industriel\n\n<\/h6>\n\n\n<h6>Nos valeurs\nConfiance | Respect Qualit\u00e9  | Confidentialit\u00e9\nProfessionnalisme\n<\/h6>\n\n\n\n\n\n\n<h2>Nos clients<\/h2>\n\n\n\n\n\n\n\n\n\n\n\n\n\n\n\n\n\n\n\n\n\n\n\n\n\n\n\n","protected":false},"excerpt":{"rendered":"","protected":false},"author":1,"featured_media":0,"parent":0,"menu_order":0,"comment_status":"closed","ping_status":"closed","template":"","meta":{"pagelayer_contact_templates":[],"_pagelayer_content":"","footnotes":""},"class_list":["post-978","page","type-page","status-publish","hentry"],"_links":{"self":[{"href":"https:\/\/mkalgerie.com\/index.php?rest_route=\/wp\/v2\/pages\/978","targetHints":{"allow":["GET"]}}],"collection":[{"href":"https:\/\/mkalgerie.com\/index.php?rest_route=\/wp\/v2\/pages"}],"about":[{"href":"https:\/\/mkalgerie.com\/index.php?rest_route=\/wp\/v2\/types\/page"}],"author":[{"embeddable":true,"href":"https:\/\/mkalgerie.com\/index.php?rest_route=\/wp\/v2\/users\/1"}],"replies":[{"embeddable":true,"href":"https:\/\/mkalgerie.com\/index.php?rest_route=%2Fwp%2Fv2%2Fcomments&post=978"}],"version-history":[{"count":14,"href":"https:\/\/mkalgerie.com\/index.php?rest_route=\/wp\/v2\/pages\/978\/revisions"}],"predecessor-version":[{"id":1430,"href":"https:\/\/mkalgerie.com\/index.php?rest_route=\/wp\/v2\/pages\/978\/revisions\/1430"}],"wp:attachment":[{"href":"https:\/\/mkalgerie.com\/index.php?rest_route=%2Fwp%2Fv2%2Fmedia&parent=978"}],"curies":[{"name":"wp","href":"https:\/\/api.w.org\/{rel}","templated":true}]}}